{"id":8,"date":"2025-04-10T12:21:12","date_gmt":"2025-04-10T12:21:12","guid":{"rendered":"https:\/\/community.coursy.io\/login\/"},"modified":"2025-04-10T12:21:12","modified_gmt":"2025-04-10T12:21:12","slug":"login","status":"publish","type":"page","link":"https:\/\/community.coursy.io\/lt\/login\/","title":{"rendered":"Login"},"content":{"rendered":"<div class=\"login-form\">\n    <div class=\"a\">\n        <div class=\"b\">\n            <a href=\"https:\/\/community.coursy.io\/lt\/login\/\" rel=\"nofollow\" class=\"logo\" itemscope itemtype=\"http:\/\/schema.org\/Organization\">\n                <span>Community<\/span>\n            <\/a>\n            <div id=\"message-wrapper\">\n                <p id=\"mobile-login-error\" class=\"message negative\"><\/p>\n                                                <!-- Show logged out message if user just logged out -->\n                            <\/div>\n            \n\n            <div class=\"form compact\">\n                <form name=\"loginform\" id=\"loginform\" action=\"https:\/\/community.coursy.io\/wp-login.php?lang=lt\" method=\"post\">\n                    <h2 class=\"h4\">Prisijungti naudojant el. pa\u0161t\u0105<\/h2>\n                    \n            <div class=\"row\">\n                <label for=\"user_email\">El. pa\u0161to adresas<\/label>\n                <div class=\"items\">\n                    <input type=\"text\" name=\"log\" class=\"input\" size=\"20\"\n                        placeholder=\"El. pa\u0161to adresas\"\n                        id=\"user_email\"\n                        value=\"\"\n                    \/>\n                <\/div>\n            <\/div>\n                    \n            <div class=\"row\">\n                <label for=\"user_pass\">Slapta\u017eodis<\/label>\n                <div class=\"items\">\n                    <input type=\"password\" name=\"pwd\" class=\"input\" value=\"\" size=\"20\"\n                        placeholder=\"Slapta\u017eodis\"\n                        id=\"user_pass\"\n                    \/>\n                <\/div>\n            <\/div>\n                    \n                    \n                <p class=\"login-remember\">\n                    <label><input name=\"rememberme\" type=\"checkbox\" id=\"rememberme\" value=\"forever\" \/> \u012esiminti mane<\/label>\n                <\/p>\n                    \n            <ul class=\"actions01\">\n                <li>\n                    <input type=\"submit\" name=\"wp-submit\" class=\"btn btn-primary\"\n                        id=\"wp-submit\"\n                        value=\"Prisijungti\"\n                    \/>\n                <\/li>\n                <li class=\"separated\">\n                    <a class=\"btn btn-discrete\" href=\"https:\/\/community.coursy.io\/wp-login.php?action=lostpassword&lang=lt\">Pamir\u0161ote slapta\u017eod\u012f?<\/a>\n                <\/li>\n                <li>\n                    <input id=\"mobile-token\" type=\"hidden\" name=\"mobile_token\" value=\"\" \/>\n                    <input id=\"smart-personal-code\" type=\"hidden\" name=\"smart_personal_code\" value=\"\" \/>\n                    <input type=\"hidden\" name=\"redirect_to\" value=\"https:\/\/community.coursy.io\/lt\/wp-json\/wp\/v2\/pages\/8?lang=lt\" \/>\n                    \n                    \n                <\/li>\n            <\/ul>\n                <\/form>\n            <\/div>\n            <hr>\n            <button data-generic-id-card-error=\"Jokios paskyros su \u0161iuo asmens kodu nerasta arba autenti\u0161kumo patvirtinimas at\u0161auktas\" data-callback=\"https:\/\/community.coursy.io\/login\" data-login-url=\"https:\/\/idcard.bouncer.coursy.io\/estId\/card\/authorize\" id=\"id-card-login\" class=\"btn btn-secondary w100p\">Prisijungimas naudojant asmens tapatyb\u0117s kortel\u0119<\/button>\n            <p id=\"mobile-id-a\"><button class=\"btn btn-secondary w100p\">Prisijungimas naudojant Mobile-ID<\/button><\/p>\n            <div id=\"mobile-id-b\" style=\"display: none\">\n                <h2 class=\"h4\">Prisijungimas naudojant Mobile-ID<\/h2>\n                <div class=\"form compact\">\n                    <div class=\"row\">\n                        <div class=\"items\">\n                             <input id=\"login-personal-code-mobile\" type=\"text\" class=\"form-control\" placeholder=\"Asmeninis kodas\">\n                        <\/div>\n                    <\/div>\n                    <div class=\"row row-inline\">\n                        <div class=\"items\">\n                            <input id=\"login-number\" type=\"text\" class=\"form-control\" placeholder=\"Telefono numeris\">\n                            <button\n                                id=\"mobile-id-login\"\n                                class=\"mobile-id-login btn btn-secondary\"\n                                type=\"button\"\n                                data-finish-url=\"https:\/\/bouncer.coursy.io\/mobileId\/auth\/finish\"\n                                data-start-url=\"https:\/\/bouncer.coursy.io\/mobileId\/auth\/start\"\n                                data-number-required-error=\"B\u016btina nurodyti telefono numer\u012f\"\n                                data-number-format-error=\"Phone number needs to be entered with country code. For example +372XXXXXXX\"\n                                data-not-a-mobile-id-user-error=\"Nesate Mobile-ID naudotojas\"\n                                data-mobile-id-user-cancel-error=\"Operacija at\u0161aukta i\u0161 telefono\"\n                                data-generic-mobile-id-error=\"Bendra Mobile-ID klaida, bandykite dar kart\u0105 arba kreipkit\u0117s \u012f administratori\u0173, jei problema i\u0161lieka\"\n                                data-personal-code-required-error=\"Reikalingas asmeninis kodas\"\n                                data-personal-code-numbers-error=\"Asmenin\u012f kod\u0105 gali sudaryti tik skai\u010diai\"\n                            >Prisijungimas<\/button>\n                        <\/div>\n                    <\/div>\n                    <div id=\"mobile-security-code-wrapper\" class=\"row row-inline\" style=\"display: none\"\n                    >Saugos kodas: <span id=\"mobile-security-code\"><\/span><\/div>\n                <\/div>\n            <\/div>\n            <p id=\"smartid-btn\"><button class=\"btn btn-secondary w100p\">Prisijungti naudojant Smart-ID<\/button><\/p>\n            <div id=\"smartid-form\" style=\"display: none\">\n                <h2 class=\"h4\">Prisijungti naudojant Smart-ID<\/h2>\n                <div class=\"form compact\">\n                    <div class=\"row\">\n                        <div class=\"items\">\n                        <label class=\"label\">\u0160alis<\/label>\n                            <select id=\"login-country-code\" class=\"form-control\">\n                                <option value=\"EE\">Estija<\/option>\n                                <option value=\"LV\">Latvija<\/option>\n                                <option value=\"LT\">Lietuva<\/option>\n                            <\/select>\n                        <\/div>\n                    <\/div>\n                    <div class=\"row row-inline\">\n                        <div class=\"items\">\n                            <input id=\"login-personal-code\" type=\"text\" class=\"form-control\" placeholder=\"Asmeninis kodas\">\n                            <button\n                                id=\"smart-id-login\"\n                                class=\"smart-id-login btn btn-secondary\"\n                                type=\"button\"\n                                data-login-url=\"https:\/\/bouncer.coursy.io\/smartId\/start\"\n                                data-personal-code-required-error=\"Reikalingas asmeninis kodas\"\n                                data-personal-code-numbers-error=\"Asmenin\u012f kod\u0105 gali sudaryti tik skai\u010diai\"\n                                data-generic-smart-id-error=\"Jokios paskyros su \u0161iuo asmens kodu nerasta arba autenti\u0161kumo patvirtinimas at\u0161auktas\"\n                            >Prisijungimas<\/button>\n                        <\/div>\n                    <\/div>\n                    <div id=\"smart-security-code-wrapper\" class=\"row row-inline\" style=\"display: none\"\n                    >Saugos kodas: <span id=\"smart-security-code\"><\/span><\/div>\n                <\/div>\n            <\/div>\n\n\n            <p class=\"center powered-by-coursy\"><a href=\"https:\/\/www.coursy.io\">Powered by <span class=\"logo-coursy\">Coursy<\/span><\/a><\/p>\n        <\/div>\n    <\/div>\n<\/div>\n\n","protected":false},"excerpt":{"rendered":"","protected":false},"author":1,"featured_media":0,"parent":0,"menu_order":0,"comment_status":"closed","ping_status":"closed","template":"","meta":{"footnotes":""},"_links":{"self":[{"href":"https:\/\/community.coursy.io\/lt\/wp-json\/wp\/v2\/pages\/8"}],"collection":[{"href":"https:\/\/community.coursy.io\/lt\/wp-json\/wp\/v2\/pages"}],"about":[{"href":"https:\/\/community.coursy.io\/lt\/wp-json\/wp\/v2\/types\/page"}],"author":[{"embeddable":true,"href":"https:\/\/community.coursy.io\/lt\/wp-json\/wp\/v2\/users\/1"}],"replies":[{"embeddable":true,"href":"https:\/\/community.coursy.io\/lt\/wp-json\/wp\/v2\/comments?post=8"}],"version-history":[{"count":0,"href":"https:\/\/community.coursy.io\/lt\/wp-json\/wp\/v2\/pages\/8\/revisions"}],"wp:attachment":[{"href":"https:\/\/community.coursy.io\/lt\/wp-json\/wp\/v2\/media?parent=8"}],"curies":[{"name":"wp","href":"https:\/\/api.w.org\/{rel}","templated":true}]}}