{"id":7,"date":"2025-04-10T12:21:12","date_gmt":"2025-04-10T12:21:12","guid":{"rendered":"https:\/\/community.coursy.io\/login\/"},"modified":"2025-04-10T12:21:12","modified_gmt":"2025-04-10T12:21:12","slug":"login","status":"publish","type":"page","link":"https:\/\/community.coursy.io\/lv\/login\/","title":{"rendered":"Login"},"content":{"rendered":"<div class=\"login-form\">\n    <div class=\"a\">\n        <div class=\"b\">\n            <a href=\"https:\/\/community.coursy.io\/lv\/login\/\" rel=\"nofollow\" class=\"logo\" itemscope itemtype=\"http:\/\/schema.org\/Organization\">\n                <span>Community<\/span>\n            <\/a>\n            <div id=\"message-wrapper\">\n                <p id=\"mobile-login-error\" class=\"message negative\"><\/p>\n                                                <!-- Show logged out message if user just logged out -->\n                            <\/div>\n            \n\n            <div class=\"form compact\">\n                <form name=\"loginform\" id=\"loginform\" action=\"https:\/\/community.coursy.io\/wp-login.php?lang=lv\" method=\"post\">\n                    <h2 class=\"h4\">Autoriz\u0113ties ar e-pastu<\/h2>\n                    \n            <div class=\"row\">\n                <label for=\"user_email\">E-pasta adrese<\/label>\n                <div class=\"items\">\n                    <input type=\"text\" name=\"log\" class=\"input\" size=\"20\"\n                        placeholder=\"E-pasta adrese\"\n                        id=\"user_email\"\n                        value=\"\"\n                    \/>\n                <\/div>\n            <\/div>\n                    \n            <div class=\"row\">\n                <label for=\"user_pass\">Parole<\/label>\n                <div class=\"items\">\n                    <input type=\"password\" name=\"pwd\" class=\"input\" value=\"\" size=\"20\"\n                        placeholder=\"Parole\"\n                        id=\"user_pass\"\n                    \/>\n                <\/div>\n            <\/div>\n                    \n                    \n                <p class=\"login-remember\">\n                    <label><input name=\"rememberme\" type=\"checkbox\" id=\"rememberme\" value=\"forever\" \/> Atcer\u0113ties mani<\/label>\n                <\/p>\n                    \n            <ul class=\"actions01\">\n                <li>\n                    <input type=\"submit\" name=\"wp-submit\" class=\"btn btn-primary\"\n                        id=\"wp-submit\"\n                        value=\"Autoriz\u0113ties\"\n                    \/>\n                <\/li>\n                <li class=\"separated\">\n                    <a class=\"btn btn-discrete\" href=\"https:\/\/community.coursy.io\/wp-login.php?action=lostpassword&lang=lv\">Aizmirs\u0101t paroli?<\/a>\n                <\/li>\n                <li>\n                    <input id=\"mobile-token\" type=\"hidden\" name=\"mobile_token\" value=\"\" \/>\n                    <input id=\"smart-personal-code\" type=\"hidden\" name=\"smart_personal_code\" value=\"\" \/>\n                    <input type=\"hidden\" name=\"redirect_to\" value=\"https:\/\/community.coursy.io\/lv\/wp-json\/wp\/v2\/pages\/7?lang=lv\" \/>\n                    \n                    \n                <\/li>\n            <\/ul>\n                <\/form>\n            <\/div>\n            <hr>\n            <button data-generic-id-card-error=\"Ar \u0161\u0101du personas kodu saist\u012bts konts netika atrasts, vai autoriz\u0101cija tika anul\u0113ta\" data-callback=\"https:\/\/community.coursy.io\/login\" data-login-url=\"https:\/\/idcard.bouncer.coursy.io\/estId\/card\/authorize\" id=\"id-card-login\" class=\"btn btn-secondary w100p\">Autoriz\u0113ties ar ID karti<\/button>\n            <p id=\"mobile-id-a\"><button class=\"btn btn-secondary w100p\">Autoriz\u0113ties ar Mobile-ID<\/button><\/p>\n            <div id=\"mobile-id-b\" style=\"display: none\">\n                <h2 class=\"h4\">Autoriz\u0113ties ar Mobile-ID<\/h2>\n                <div class=\"form compact\">\n                    <div class=\"row\">\n                        <div class=\"items\">\n                             <input id=\"login-personal-code-mobile\" type=\"text\" class=\"form-control\" placeholder=\"Personas kods\">\n                        <\/div>\n                    <\/div>\n                    <div class=\"row row-inline\">\n                        <div class=\"items\">\n                            <input id=\"login-number\" type=\"text\" class=\"form-control\" placeholder=\"T\u0101lru\u0146a numurs\">\n                            <button\n                                id=\"mobile-id-login\"\n                                class=\"mobile-id-login btn btn-secondary\"\n                                type=\"button\"\n                                data-finish-url=\"https:\/\/bouncer.coursy.io\/mobileId\/auth\/finish\"\n                                data-start-url=\"https:\/\/bouncer.coursy.io\/mobileId\/auth\/start\"\n                                data-number-required-error=\"T\u0101lru\u0146a numurs ir oblig\u0101ts\"\n                                data-number-format-error=\"Phone number needs to be entered with country code. For example +372XXXXXXX\"\n                                data-not-a-mobile-id-user-error=\"Mobile-ID lietot\u0101js nav re\u0123istr\u0113ts\"\n                                data-mobile-id-user-cancel-error=\"Oper\u0101cija anul\u0113ta no telefona\"\n                                data-generic-mobile-id-error=\"Generic Mobile-ID k\u013c\u016bda, m\u0113\u0123iniet v\u0113lreiz vai, ja probl\u0113ma turpin\u0101s, sazinieties ar sist\u0113mas administratoru\"\n                                data-personal-code-required-error=\"Personas kods ir oblig\u0101ts\"\n                                data-personal-code-numbers-error=\"Personas kods var sast\u0101v\u0113t tikai no cipariem\"\n                            >Autoriz\u0101cija<\/button>\n                        <\/div>\n                    <\/div>\n                    <div id=\"mobile-security-code-wrapper\" class=\"row row-inline\" style=\"display: none\"\n                    >Dro\u0161\u012bbas kods: <span id=\"mobile-security-code\"><\/span><\/div>\n                <\/div>\n            <\/div>\n            <p id=\"smartid-btn\"><button class=\"btn btn-secondary w100p\">Autoriz\u0113ties ar Smart-ID<\/button><\/p>\n            <div id=\"smartid-form\" style=\"display: none\">\n                <h2 class=\"h4\">Autoriz\u0113ties ar Smart-ID<\/h2>\n                <div class=\"form compact\">\n                    <div class=\"row\">\n                        <div class=\"items\">\n                        <label class=\"label\">Valsts<\/label>\n                            <select id=\"login-country-code\" class=\"form-control\">\n                                <option value=\"EE\">Igaunija<\/option>\n                                <option value=\"LV\">Latvija<\/option>\n                                <option value=\"LT\">Lietuva<\/option>\n                            <\/select>\n                        <\/div>\n                    <\/div>\n                    <div class=\"row row-inline\">\n                        <div class=\"items\">\n                            <input id=\"login-personal-code\" type=\"text\" class=\"form-control\" placeholder=\"Personas kods\">\n                            <button\n                                id=\"smart-id-login\"\n                                class=\"smart-id-login btn btn-secondary\"\n                                type=\"button\"\n                                data-login-url=\"https:\/\/bouncer.coursy.io\/smartId\/start\"\n                                data-personal-code-required-error=\"Personas kods ir oblig\u0101ts\"\n                                data-personal-code-numbers-error=\"Personas kods var sast\u0101v\u0113t tikai no cipariem\"\n                                data-generic-smart-id-error=\"Ar \u0161\u0101du personas kodu saist\u012bts konts netika atrasts, vai autoriz\u0101cija tika anul\u0113ta\"\n                            >Autoriz\u0101cija<\/button>\n                        <\/div>\n                    <\/div>\n                    <div id=\"smart-security-code-wrapper\" class=\"row row-inline\" style=\"display: none\"\n                    >Dro\u0161\u012bbas kods: <span id=\"smart-security-code\"><\/span><\/div>\n                <\/div>\n            <\/div>\n\n\n            <p class=\"center powered-by-coursy\"><a href=\"https:\/\/www.coursy.io\">Powered by <span class=\"logo-coursy\">Coursy<\/span><\/a><\/p>\n        <\/div>\n    <\/div>\n<\/div>\n\n","protected":false},"excerpt":{"rendered":"","protected":false},"author":1,"featured_media":0,"parent":0,"menu_order":0,"comment_status":"closed","ping_status":"closed","template":"","meta":{"footnotes":""},"_links":{"self":[{"href":"https:\/\/community.coursy.io\/lv\/wp-json\/wp\/v2\/pages\/7"}],"collection":[{"href":"https:\/\/community.coursy.io\/lv\/wp-json\/wp\/v2\/pages"}],"about":[{"href":"https:\/\/community.coursy.io\/lv\/wp-json\/wp\/v2\/types\/page"}],"author":[{"embeddable":true,"href":"https:\/\/community.coursy.io\/lv\/wp-json\/wp\/v2\/users\/1"}],"replies":[{"embeddable":true,"href":"https:\/\/community.coursy.io\/lv\/wp-json\/wp\/v2\/comments?post=7"}],"version-history":[{"count":0,"href":"https:\/\/community.coursy.io\/lv\/wp-json\/wp\/v2\/pages\/7\/revisions"}],"wp:attachment":[{"href":"https:\/\/community.coursy.io\/lv\/wp-json\/wp\/v2\/media?parent=7"}],"curies":[{"name":"wp","href":"https:\/\/api.w.org\/{rel}","templated":true}]}}